{"id":1654,"date":"2009-08-28T20:05:23","date_gmt":"2009-08-28T23:05:23","guid":{"rendered":"http:\/\/www.revonet.com.ar\/moev\/?page_id=2"},"modified":"2025-02-25T21:46:11","modified_gmt":"2025-02-26T00:46:11","slug":"about","status":"publish","type":"page","link":"https:\/\/www.soydebanfield.com.ar\/moev\/about\/","title":{"rendered":"MOEV"},"content":{"rendered":"<p>Mi oto\u00f1o es Verde (*) es el suplemento de Cultura de Soy de Banfield. Este es un espacio pensado para la difusi\u00f3n del arte, ya sea de hinchas banfile\u00f1os, de los vecinos del barrio, del municipio o del arte y la cultura en general. Habr\u00e1 lugar para la m\u00fasica, las artes pl\u00e1sticas, las letras, la historia y tambi\u00e9n para el ambiente freak del cine o los comics.<\/p>\n<p>Te invitamos a participar, a enviarnos informaci\u00f3n, a solicitar una entrevista. A que este sea tambi\u00e9n tu espacio de expresi\u00f3n.\u00a0Gracias por venir.<\/p>\n<p><strong>Han Colaborado:<\/strong> Mart\u00edn Liberatore, Agust\u00edn Ar\u00e1mbulo, Karen Costas.\u00a0<strong>Invitados especiales:<\/strong> Daniela Aceto, Hern\u00e1n Cacace, Guillermo Lezcano, Juli\u00e1n Yamb\u00e9, Pablo Riha, Leonardo Lambardi , Damian Crecenti, Hern\u00e1n Cortes, Armando Doria. Hern\u00e1n Ba\u00f1ez Editor del sitio entre 2009\/2012 y nuevamente desde 2018\/2020.<\/p>\n<p><strong>Ya hemos publicado la obra de:<\/strong> Daniel Laneri, Nicolas Dandrea, Ricardo Rowies, Leonardo Lambardi, Daniel Esteban Fern\u00e1ndez, Dar\u00edo Arcella, Charly Uranga, Gonzalo Pedemonte, Patricio Mart\u00edn, Nestor Nocera, Gustavo De Mendonca, Jorge Cocconi, Ludoviko Bar, Guillermo Capocci, Mart\u00edn Alvarado, An\u00edbal Barba, Hern\u00e1n Colombo, Hern\u00e1n Cort\u00e9s, Rodolfo Morel, Mat\u00edas Carnival, Marcelo Krebs, Jos\u00e9 Romano, Luis Mera, Pepe Balaguer, Jorge Gionco, Lucas Luna, V\u00edctor Raffo, Alfredo Yanes, Santiago Mu\u00f1iz, Sergio Mercurio, Sergio Caracciolo, Rodr\u00edgo Nahuel Garc\u00eda, Mauro Salerno, Gustavo Fontan, Maxi Allegri, Armando Doria, Victor Winer, Leandro Ayesa, Mariano Fidalgo, Juan Safatle, Jorge Deschamps,\u00a0Daniel Bellofatto, Dee Dee Ramone, Frans Banfield, Guido Covini, Dar\u00edo Carvajal y Germ\u00e1n Ferrari.<\/p>\n<p><strong>Tambi\u00e9n compartimos la obra de vecinos o hinchas como:<\/strong> Julio Cort\u00e1zar, Nin\u00ed Marshall, Roberto Sanchez Sandro, Alfredo De Angelis, Gerardo Masana, Julio Sosa, Oscar Alende, Juan Carlos Pallarols, Pepe Biondi, Florencio S\u00e1nchez, Marcelo Daniel Massad, Jos\u00e9 Pablo Ventura, Osvaldo Ardizzone, Eduardo Jonquieres.<\/p>\n<h6>(*) &#8220;Mi oto\u00f1o es verde&#8221;\u00a0es una canci\u00f3n de Juana La Loca del disco &#8220;Electronauta&#8221; de 1993.<\/h6>\n","protected":false},"excerpt":{"rendered":"<p>Mi oto\u00f1o es Verde (*) es el suplemento de Cultura de Soy de Banfield. Este es un espacio pensado para la difusi\u00f3n del arte, ya sea de hinchas banfile\u00f1os, de los vecinos del barrio, del municipio o del arte y la cultura en general. Habr\u00e1 lugar para la m\u00fasica, las artes pl\u00e1sticas, las letras, la&hellip;&nbsp;<a href=\"https:\/\/www.soydebanfield.com.ar\/moev\/about\/\" rel=\"bookmark\">Leer m\u00e1s &raquo;<span class=\"screen-reader-text\">MOEV<\/span><\/a><\/p>\n","protected":false},"author":1,"featured_media":0,"parent":0,"menu_order":0,"comment_status":"open","ping_status":"open","template":"","meta":{"neve_meta_sidebar":"","neve_meta_container":"","neve_meta_enable_content_width":"off","neve_meta_content_width":100,"neve_meta_title_alignment":"","neve_meta_author_avatar":"","neve_post_elements_order":"","neve_meta_disable_header":"","neve_meta_disable_footer":"","neve_meta_disable_title":"","footnotes":""},"class_list":["post-1654","page","type-page","status-publish","hentry"],"_links":{"self":[{"href":"https:\/\/www.soydebanfield.com.ar\/moev\/wp-json\/wp\/v2\/pages\/1654","targetHints":{"allow":["GET"]}}],"collection":[{"href":"https:\/\/www.soydebanfield.com.ar\/moev\/wp-json\/wp\/v2\/pages"}],"about":[{"href":"https:\/\/www.soydebanfield.com.ar\/moev\/wp-json\/wp\/v2\/types\/page"}],"author":[{"embeddable":true,"href":"https:\/\/www.soydebanfield.com.ar\/moev\/wp-json\/wp\/v2\/users\/1"}],"replies":[{"embeddable":true,"href":"https:\/\/www.soydebanfield.com.ar\/moev\/wp-json\/wp\/v2\/comments?post=1654"}],"version-history":[{"count":6,"href":"https:\/\/www.soydebanfield.com.ar\/moev\/wp-json\/wp\/v2\/pages\/1654\/revisions"}],"predecessor-version":[{"id":3838,"href":"https:\/\/www.soydebanfield.com.ar\/moev\/wp-json\/wp\/v2\/pages\/1654\/revisions\/3838"}],"wp:attachment":[{"href":"https:\/\/www.soydebanfield.com.ar\/moev\/wp-json\/wp\/v2\/media?parent=1654"}],"curies":[{"name":"wp","href":"https:\/\/api.w.org\/{rel}","templated":true}]}}